{"id":213,"date":"2024-12-10T22:09:06","date_gmt":"2024-12-10T22:09:06","guid":{"rendered":"https:\/\/www.davincijeweler.com\/contact\/"},"modified":"2024-12-10T22:28:58","modified_gmt":"2024-12-10T22:28:58","slug":"contact","status":"publish","type":"page","link":"https:\/\/www.davincijeweler.com\/fr\/contact\/","title":{"rendered":"Contact"},"content":{"rendered":"<section class=\"l-section wpb_row height_auto\" id=\"contact\"><div class=\"l-section-h i-cf\"><div class=\"g-cols vc_row via_grid cols_2 laptops-cols_inherit tablets-cols_inherit mobiles-cols_1 valign_top type_default stacking_default\"><div class=\"wpb_column vc_column_container stretched\"><div class=\"vc_column-inner\"><div class=\"w-map provider_osm us_custom_2fa383fa\" id=\"us_map_1\"><div class=\"w-map-inner\"><div class=\"w-map-json\" onclick='return {&quot;address&quot;:&quot;Selouane 34000, Marokko&quot;,&quot;disableDragging&quot;:0,&quot;disableZoom&quot;:0,&quot;hideControls&quot;:1,&quot;zoom&quot;:14,&quot;markers&quot;:[{&quot;address&quot;:&quot;Selouane 34000, Marokko&quot;,&quot;html&quot;:&quot;&lt;h6&gt;Bijouterie Davinci&lt;\\\/p&gt;\\nSelouane 34000, Marokko&quot;,&quot;infowindow&quot;:&quot;1&quot;}],&quot;icon&quot;:{&quot;url&quot;:&quot;https:\\\/\\\/www.davincijeweler.com\\\/wp-content\\\/uploads\\\/2023\\\/07\\\/Middel-5.svg&quot;,&quot;size&quot;:[60,60]},&quot;style&quot;:&quot;https:\\\/\\\/{s}.basemaps.cartocdn.com\\\/dark_all\\\/{z}\\\/{x}\\\/{y}{r}.png&quot;}'><\/div><\/div><\/div><\/div><\/div><div class=\"wpb_column vc_column_container\"><div class=\"vc_column-inner\"><div class=\"w-separator size_large\"><\/div><div class=\"wpb_text_column\"><div class=\"wpb_wrapper\"><h2>Votre pi\u00e8ce personnalis\u00e9e commence ici<\/h2>\n<p>Pr\u00eat \u00e0 poss\u00e9der un bijou unique en son genre ? Contactez-nous pour discuter de votre vision et laissez-nous vous aider \u00e0 la concr\u00e9tiser.<\/p>\n<\/div><\/div><div class=\"w-separator size_medium\"><\/div><form class=\"w-form  layout_ver for_cform us_form_1\" autocomplete=\"off\" action=\"https:\/\/www.davincijeweler.com\/fr\/wp-json\/wp\/v2\/pages\/213\" method=\"post\"><div class=\"w-form-h\"><div class=\"w-form-row for_text\">\r\n\t\t<div class=\"w-form-row-field\">\r\n\t\t\t\t\t\t<input aria-label=\"Nom\" type=\"text\" name=\"us_form_1_text_1\" value placeholder=\"Nom\"\/>\r\n\t\t\t<\/div>\r\n\t\t<div class=\"w-form-row-state\">Vous devez remplir ce champ<\/div>\r\n<\/div>\r\n<div class=\"w-form-row for_email\">\r\n\t\t<div class=\"w-form-row-field\">\r\n\t\t\t\t\t\t<input aria-label=\"Courrier \u00e9lectronique\" type=\"email\" name=\"us_form_1_email_1\" value placeholder=\"Courrier \u00e9lectronique\"\/>\r\n\t\t\t<\/div>\r\n\t\t<div class=\"w-form-row-state\">Veuillez saisir une adresse e-mail valide.<\/div>\r\n<\/div>\r\n<div class=\"w-form-row for_text\">\r\n\t\t<div class=\"w-form-row-field\">\r\n\t\t\t\t\t\t<input aria-label=\"Num\u00e9ro de t\u00e9l\u00e9phone\" inputmode=\"tel\" type=\"text\" name=\"us_form_1_text_2\" value placeholder=\"Num\u00e9ro de t\u00e9l\u00e9phone\"\/>\r\n\t\t\t<\/div>\r\n\t\t<div class=\"w-form-row-state\">Vous devez remplir ce champ<\/div>\r\n<\/div>\r\n<div class=\"w-form-row for_textarea\">\r\n\t\t<div class=\"w-form-row-field\">\r\n\t\t\t\t\t\t<textarea aria-label=\"Message\" name=\"us_form_1_textarea_1\" placeholder=\"Message\"><\/textarea>\r\n\t\t\t<\/div>\r\n\t\t<div class=\"w-form-row-state\">Vous devez remplir ce champ<\/div>\r\n<\/div>\r\n<input type=\"hidden\" name=\"action\" value=\"us_ajax_cform\" \/>\r\n<input type=\"hidden\" name=\"post_id\" value=\"0\" \/>\r\n<input type=\"hidden\" name=\"form_index\" value=\"1\" \/>\r\n<div class=\"w-form-row for_submit align_none\">\r\n\t<button class=\"w-btn  us-btn-style_1\" aria-label=\"ENVOYER\" type=\"submit\">\r\n\t\t<span class=\"g-preloader type_1\"><\/span>\r\n\t\t\t\t<span class=\"w-btn-label\">ENVOYER<\/span>\r\n\t\t\t<\/button>\r\n\t<\/div>\r\n<\/div><div class=\"w-form-message\"><\/div><div class=\"w-form-json hidden\" onclick='return {&quot;ajaxurl&quot;:&quot;https:\\\/\\\/www.davincijeweler.com\\\/wp-admin\\\/admin-ajax.php&quot;,&quot;messages&quot;:{&quot;err_empty&quot;:&quot;Vous devez remplir ce champ&quot;,&quot;err_size&quot;:&quot;La taille du fichier ne peut pas d\\u00e9passer %s Mo&quot;,&quot;err_extension&quot;:&quot;Le type de fichier %s n&#039;est pas autoris\\u00e9&quot;}}'><\/div><\/form><div class=\"w-separator size_large\"><\/div><\/div><\/div><\/div><\/div><\/section>\n","protected":false},"excerpt":{"rendered":"Votre pi\u00e8ce personnalis\u00e9e commence ici Pr\u00eat \u00e0 poss\u00e9der un bijou unique en son genre ? Contactez-nous pour discuter de votre vision et laissez-nous vous aider \u00e0 la concr\u00e9tiser. Vous devez remplir ce champ Veuillez saisir une adresse e-mail valide. Vous devez remplir ce champ Vous devez remplir ce champ ENVOYER","protected":false},"author":1,"featured_media":0,"parent":0,"menu_order":0,"comment_status":"closed","ping_status":"closed","template":"","meta":{"footnotes":""},"class_list":["post-213","page","type-page","status-publish","hentry"],"_links":{"self":[{"href":"https:\/\/www.davincijeweler.com\/fr\/wp-json\/wp\/v2\/pages\/213","targetHints":{"allow":["GET"]}}],"collection":[{"href":"https:\/\/www.davincijeweler.com\/fr\/wp-json\/wp\/v2\/pages"}],"about":[{"href":"https:\/\/www.davincijeweler.com\/fr\/wp-json\/wp\/v2\/types\/page"}],"author":[{"embeddable":true,"href":"https:\/\/www.davincijeweler.com\/fr\/wp-json\/wp\/v2\/users\/1"}],"replies":[{"embeddable":true,"href":"https:\/\/www.davincijeweler.com\/fr\/wp-json\/wp\/v2\/comments?post=213"}],"version-history":[{"count":3,"href":"https:\/\/www.davincijeweler.com\/fr\/wp-json\/wp\/v2\/pages\/213\/revisions"}],"predecessor-version":[{"id":223,"href":"https:\/\/www.davincijeweler.com\/fr\/wp-json\/wp\/v2\/pages\/213\/revisions\/223"}],"wp:attachment":[{"href":"https:\/\/www.davincijeweler.com\/fr\/wp-json\/wp\/v2\/media?parent=213"}],"curies":[{"name":"wp","href":"https:\/\/api.w.org\/{rel}","templated":true}]}}