{"id":209,"date":"2024-12-10T22:04:55","date_gmt":"2024-12-10T22:04:55","guid":{"rendered":"https:\/\/www.davincijeweler.com\/a-propos-de-nous\/"},"modified":"2024-12-10T22:29:10","modified_gmt":"2024-12-10T22:29:10","slug":"a-propos-de-nous","status":"publish","type":"page","link":"https:\/\/www.davincijeweler.com\/fr\/a-propos-de-nous\/","title":{"rendered":"A propos de nous"},"content":{"rendered":"<section class=\"l-section wpb_row height_large with_video\"><div id=\"us_bg_video_d5a4\" class=\"l-section-video\"><script>!function(w){var node = document.getElementById( 'us_bg_video_d5a4' );if ( w.innerWidth <= 300 ) { node.remove() }}(window);<\/script><style>@media(max-width:300px){#us_bg_video_d5a4{display:none!important}}<\/style><video  autoplay loop muted playsinline preload=\"auto\"><source type=\"video\/mp4\" src=\"https:\/\/www.davincijeweler.com\/wp-content\/uploads\/2024\/09\/homeshop.mp4\" \/><\/video><\/div><div class=\"l-section-overlay\" style=\"background:rgba(0,0,0,0.70)\"><\/div><div class=\"l-section-h i-cf\"><div class=\"g-cols vc_row via_grid cols_1 laptops-cols_inherit tablets-cols_inherit mobiles-cols_1 valign_top type_default stacking_default\"><div class=\"wpb_column vc_column_container\"><div class=\"vc_column-inner\"><div class=\"wpb_text_column us_custom_3fb4033b has_text_color\"><div class=\"wpb_wrapper\"><h1>A propos de nous<\/h1>\n<\/div><\/div><\/div><\/div><\/div><\/div><\/section><section class=\"l-section wpb_row height_huge\" id=\"aboutdavinci\"><div class=\"l-section-h i-cf\"><div class=\"g-cols vc_row via_grid cols_2 laptops-cols_inherit tablets-cols_inherit mobiles-cols_1 valign_top type_default stacking_default\"><div class=\"wpb_column vc_column_container\"><div class=\"vc_column-inner\"><div class=\"wpb_text_column us_custom_0a426eb8\"><div class=\"wpb_wrapper\"><h1>Un h\u00e9ritage de luxe et de pr\u00e9cision<\/h1>\n<p>Nich\u00e9 dans le c\u0153ur vibrant de Selouane, au Maroc, DaVinci Jeweler est un symbole d&rsquo;\u00e9l\u00e9gance, d&rsquo;art et de savoir-faire in\u00e9gal\u00e9. Notre atelier est sp\u00e9cialis\u00e9 dans la cr\u00e9ation de bijoux en or et en diamant sur mesure, m\u00e9ticuleusement adapt\u00e9s pour donner vie \u00e0 votre vision unique. Des classiques intemporels aux designs contemporains, chaque pi\u00e8ce t\u00e9moigne de notre engagement en faveur de l&rsquo;excellence et refl\u00e8te votre individualit\u00e9.<\/p>\n<p>Chez DaVinci, le luxe est plus qu&rsquo;un simple mot, c&rsquo;est une philosophie que nous vivons. Nous combinons les mat\u00e9riaux les plus nobles avec une attention exceptionnelle aux d\u00e9tails, afin que chaque cr\u00e9ation soit un chef-d&rsquo;\u0153uvre de pr\u00e9cision et de sophistication. Notre \u00e9quipe d&rsquo;artisans qualifi\u00e9s travaille en \u00e9troite collaboration avec chaque client, traduisant ses d\u00e9sirs en bijoux exquis qui racontent une histoire aussi unique que celle de la personne qui les porte.<\/p>\n<p>De la consultation initiale au polissage final, nous vous offrons une exp\u00e9rience personnalis\u00e9e qui r\u00e9pond \u00e0 vos besoins et pr\u00e9f\u00e9rences sp\u00e9cifiques. Que vous c\u00e9l\u00e9briez une \u00e9tape importante, que vous marquiez un souvenir pr\u00e9cieux ou que vous vous laissiez simplement s\u00e9duire par la beaut\u00e9 de la joaillerie, DaVinci Jeweler s&rsquo;assure que votre voyage avec nous est aussi remarquable que les pi\u00e8ces que nous cr\u00e9ons.<\/p>\n<\/div><\/div><div class=\"w-separator size_small\"><\/div><\/div><\/div><div class=\"wpb_column vc_column_container us_custom_3bee3724 has_bg_color\"><div class=\"vc_column-inner\"><\/div><\/div><\/div><\/div><\/section>\n","protected":false},"excerpt":{"rendered":"A propos de nous Un h\u00e9ritage de luxe et de pr\u00e9cision Nich\u00e9 dans le c\u0153ur vibrant de Selouane, au Maroc, DaVinci Jeweler est un symbole d&rsquo;\u00e9l\u00e9gance, d&rsquo;art et de savoir-faire in\u00e9gal\u00e9. Notre atelier est sp\u00e9cialis\u00e9 dans la cr\u00e9ation de bijoux en or et en diamant sur mesure, m\u00e9ticuleusement adapt\u00e9s pour donner vie \u00e0 votre vision...","protected":false},"author":1,"featured_media":0,"parent":0,"menu_order":0,"comment_status":"closed","ping_status":"closed","template":"","meta":{"footnotes":""},"class_list":["post-209","page","type-page","status-publish","hentry"],"_links":{"self":[{"href":"https:\/\/www.davincijeweler.com\/fr\/wp-json\/wp\/v2\/pages\/209","targetHints":{"allow":["GET"]}}],"collection":[{"href":"https:\/\/www.davincijeweler.com\/fr\/wp-json\/wp\/v2\/pages"}],"about":[{"href":"https:\/\/www.davincijeweler.com\/fr\/wp-json\/wp\/v2\/types\/page"}],"author":[{"embeddable":true,"href":"https:\/\/www.davincijeweler.com\/fr\/wp-json\/wp\/v2\/users\/1"}],"replies":[{"embeddable":true,"href":"https:\/\/www.davincijeweler.com\/fr\/wp-json\/wp\/v2\/comments?post=209"}],"version-history":[{"count":3,"href":"https:\/\/www.davincijeweler.com\/fr\/wp-json\/wp\/v2\/pages\/209\/revisions"}],"predecessor-version":[{"id":219,"href":"https:\/\/www.davincijeweler.com\/fr\/wp-json\/wp\/v2\/pages\/209\/revisions\/219"}],"wp:attachment":[{"href":"https:\/\/www.davincijeweler.com\/fr\/wp-json\/wp\/v2\/media?parent=209"}],"curies":[{"name":"wp","href":"https:\/\/api.w.org\/{rel}","templated":true}]}}