{"id":200,"date":"2024-12-10T22:04:55","date_gmt":"2024-12-10T22:04:55","guid":{"rendered":"https:\/\/www.davincijeweler.com\/sobre-nosotros\/"},"modified":"2024-12-10T22:30:12","modified_gmt":"2024-12-10T22:30:12","slug":"sobre-nosotros","status":"publish","type":"page","link":"https:\/\/www.davincijeweler.com\/es\/sobre-nosotros\/","title":{"rendered":"Sobre nosotros"},"content":{"rendered":"<section class=\"l-section wpb_row height_large with_video\"><div id=\"us_bg_video_bb11\" class=\"l-section-video\"><script>!function(w){var node = document.getElementById( 'us_bg_video_bb11' );if ( w.innerWidth <= 300 ) { node.remove() }}(window);<\/script><style>@media(max-width:300px){#us_bg_video_bb11{display:none!important}}<\/style><video  autoplay loop muted playsinline preload=\"auto\"><source type=\"video\/mp4\" src=\"https:\/\/www.davincijeweler.com\/wp-content\/uploads\/2024\/09\/homeshop.mp4\" \/><\/video><\/div><div class=\"l-section-overlay\" style=\"background:rgba(0,0,0,0.70)\"><\/div><div class=\"l-section-h i-cf\"><div class=\"g-cols vc_row via_grid cols_1 laptops-cols_inherit tablets-cols_inherit mobiles-cols_1 valign_top type_default stacking_default\"><div class=\"wpb_column vc_column_container\"><div class=\"vc_column-inner\"><div class=\"wpb_text_column us_custom_3fb4033b has_text_color\"><div class=\"wpb_wrapper\"><h1>Sobre nosotros<\/h1>\n<\/div><\/div><\/div><\/div><\/div><\/div><\/section><section class=\"l-section wpb_row height_huge\" id=\"aboutdavinci\"><div class=\"l-section-h i-cf\"><div class=\"g-cols vc_row via_grid cols_2 laptops-cols_inherit tablets-cols_inherit mobiles-cols_1 valign_top type_default stacking_default\"><div class=\"wpb_column vc_column_container\"><div class=\"vc_column-inner\"><div class=\"wpb_text_column us_custom_0a426eb8\"><div class=\"wpb_wrapper\"><h1>Un legado de lujo y precisi\u00f3n<\/h1>\n<p>Enclavado en el vibrante coraz\u00f3n de Selouane, Marruecos, DaVinci Jeweler se erige como un faro de elegancia, arte y artesan\u00eda sin igual. Nuestro atelier se especializa en crear joyas de oro y diamantes a medida, meticulosamente adaptadas para dar vida a tu visi\u00f3n \u00fanica. Desde cl\u00e1sicos atemporales a dise\u00f1os contempor\u00e1neos, cada pieza es un testimonio de nuestra dedicaci\u00f3n a la excelencia y un reflejo de tu individualidad.<\/p>\n<p>En DaVinci, el lujo es algo m\u00e1s que una palabra: es una filosof\u00eda de vida. Combinamos los mejores materiales con una excepcional atenci\u00f3n al detalle, garantizando que cada creaci\u00f3n sea una obra maestra de precisi\u00f3n y sofisticaci\u00f3n. Nuestro equipo de h\u00e1biles artesanos trabaja en estrecha colaboraci\u00f3n con cada cliente, traduciendo sus deseos en joyas exquisitas que cuentan una historia tan \u00fanica como su portador.<\/p>\n<p>Desde la consulta inicial hasta el pulido final, ofrecemos una experiencia personalizada que se adapta a tus necesidades y preferencias espec\u00edficas. Tanto si est\u00e1s celebrando un hito, marcando un recuerdo entra\u00f1able o simplemente deleit\u00e1ndote con la belleza de la joyer\u00eda fina, DaVinci Jeweler se asegura de que tu viaje con nosotros sea tan extraordinario como las piezas que creamos.<\/p>\n<\/div><\/div><div class=\"w-separator size_small\"><\/div><\/div><\/div><div class=\"wpb_column vc_column_container us_custom_3bee3724 has_bg_color\"><div class=\"vc_column-inner\"><\/div><\/div><\/div><\/div><\/section>\n","protected":false},"excerpt":{"rendered":"Sobre nosotros Un legado de lujo y precisi\u00f3n Enclavado en el vibrante coraz\u00f3n de Selouane, Marruecos, DaVinci Jeweler se erige como un faro de elegancia, arte y artesan\u00eda sin igual. Nuestro atelier se especializa en crear joyas de oro y diamantes a medida, meticulosamente adaptadas para dar vida a tu visi\u00f3n \u00fanica. Desde cl\u00e1sicos atemporales...","protected":false},"author":1,"featured_media":0,"parent":0,"menu_order":0,"comment_status":"closed","ping_status":"closed","template":"","meta":{"footnotes":""},"class_list":["post-200","page","type-page","status-publish","hentry"],"_links":{"self":[{"href":"https:\/\/www.davincijeweler.com\/es\/wp-json\/wp\/v2\/pages\/200","targetHints":{"allow":["GET"]}}],"collection":[{"href":"https:\/\/www.davincijeweler.com\/es\/wp-json\/wp\/v2\/pages"}],"about":[{"href":"https:\/\/www.davincijeweler.com\/es\/wp-json\/wp\/v2\/types\/page"}],"author":[{"embeddable":true,"href":"https:\/\/www.davincijeweler.com\/es\/wp-json\/wp\/v2\/users\/1"}],"replies":[{"embeddable":true,"href":"https:\/\/www.davincijeweler.com\/es\/wp-json\/wp\/v2\/comments?post=200"}],"version-history":[{"count":3,"href":"https:\/\/www.davincijeweler.com\/es\/wp-json\/wp\/v2\/pages\/200\/revisions"}],"predecessor-version":[{"id":207,"href":"https:\/\/www.davincijeweler.com\/es\/wp-json\/wp\/v2\/pages\/200\/revisions\/207"}],"wp:attachment":[{"href":"https:\/\/www.davincijeweler.com\/es\/wp-json\/wp\/v2\/media?parent=200"}],"curies":[{"name":"wp","href":"https:\/\/api.w.org\/{rel}","templated":true}]}}